{"id":22853,"date":"2023-07-26T18:37:53","date_gmt":"2023-07-27T00:37:53","guid":{"rendered":"https:\/\/mariaciento38.com\/cafe-sabino-by-maria-ciento38\/"},"modified":"2025-02-20T17:02:47","modified_gmt":"2025-02-20T23:02:47","slug":"cafe-sabino-by-maria-ciento38","status":"publish","type":"page","link":"http:\/\/mariaciento38.com\/en\/cafe-sabino-by-maria-ciento38\/","title":{"rendered":"Caf\u00e9 Sabino by Mar\u00eda Ciento38"},"content":{"rendered":"\t\t<div data-elementor-type=\"wp-page\" data-elementor-id=\"22853\" class=\"elementor elementor-22853\" data-elementor-post-type=\"page\">\n\t\t\t\t\t\t<section class=\"elementor-section elementor-top-section elementor-element elementor-element-6764ce35 elementor-section-height-min-height elementor-section-boxed elementor-section-height-default elementor-section-items-middle\" data-id=\"6764ce35\" data-element_type=\"section\" data-e-type=\"section\" data-settings=\"{&quot;background_background&quot;:&quot;classic&quot;}\">\n\t\t\t\t\t\t\t<div class=\"elementor-background-overlay\"><\/div>\n\t\t\t\t\t\t\t<div class=\"elementor-container elementor-column-gap-default\">\n\t\t\t\t\t<div class=\"elementor-column elementor-col-100 elementor-top-column elementor-element elementor-element-74e40e6a\" data-id=\"74e40e6a\" data-element_type=\"column\" data-e-type=\"column\">\n\t\t\t<div class=\"elementor-widget-wrap\">\n\t\t\t\t\t\t\t<\/div>\n\t\t<\/div>\n\t\t\t\t\t<\/div>\n\t\t<\/section>\n\t\t\t\t<section class=\"elementor-section elementor-top-section elementor-element elementor-element-48f43217 elementor-section-boxed elementor-section-height-default elementor-section-height-default\" data-id=\"48f43217\" data-element_type=\"section\" data-e-type=\"section\">\n\t\t\t\t\t\t<div class=\"elementor-container elementor-column-gap-default\">\n\t\t\t\t\t<div class=\"elementor-column elementor-col-100 elementor-top-column elementor-element elementor-element-69aa2029\" data-id=\"69aa2029\" data-element_type=\"column\" data-e-type=\"column\" data-settings=\"{&quot;background_background&quot;:&quot;classic&quot;}\">\n\t\t\t<div class=\"elementor-widget-wrap elementor-element-populated\">\n\t\t\t\t\t\t<div class=\"elementor-element elementor-element-aca82c0 elementor-widget elementor-widget-image\" data-id=\"aca82c0\" data-element_type=\"widget\" data-e-type=\"widget\" data-widget_type=\"image.default\">\n\t\t\t\t<div class=\"elementor-widget-container\">\n\t\t\t\t\t\t\t\t\t\t\t\t\t\t\t<img fetchpriority=\"high\" decoding=\"async\" width=\"1428\" height=\"1080\" src=\"https:\/\/mariaciento38.com\/wp-content\/uploads\/2023\/07\/LOGOSabinoxMC38.png\" class=\"attachment-full size-full wp-image-22698\" alt=\"\" srcset=\"https:\/\/mariaciento38.com\/wp-content\/uploads\/2023\/07\/LOGOSabinoxMC38.png 1428w, https:\/\/mariaciento38.com\/wp-content\/uploads\/2023\/07\/LOGOSabinoxMC38-300x227.png 300w, https:\/\/mariaciento38.com\/wp-content\/uploads\/2023\/07\/LOGOSabinoxMC38-1024x774.png 1024w, https:\/\/mariaciento38.com\/wp-content\/uploads\/2023\/07\/LOGOSabinoxMC38-768x581.png 768w, https:\/\/mariaciento38.com\/wp-content\/uploads\/2023\/07\/LOGOSabinoxMC38-200x151.png 200w\" sizes=\"(max-width: 1428px) 100vw, 1428px\" \/>\t\t\t\t\t\t\t\t\t\t\t\t\t\t\t<\/div>\n\t\t\t\t<\/div>\n\t\t\t\t<div class=\"elementor-element elementor-element-d19209e elementor-widget elementor-widget-text-editor\" data-id=\"d19209e\" data-element_type=\"widget\" data-e-type=\"widget\" data-widget_type=\"text-editor.default\">\n\t\t\t\t<div class=\"elementor-widget-container\">\n\t\t\t\t\t\t\t\t\t<p class=\"p1\"><span class=\"s1\">Caf\u00e9 Sabino by Mar\u00eda Ciento38 is <\/span><span class=\"s2\">a space dedicated to contemporary art, Italian gastronomy and architecture in Mexico City, which is also home to the Casa Wabi Foundation.<\/span><\/p>\n\t\t\t\t\t\t\t\t<\/div>\n\t\t\t\t<\/div>\n\t\t\t\t<section class=\"elementor-section elementor-inner-section elementor-element elementor-element-6658e4e elementor-section-content-middle elementor-section-boxed elementor-section-height-default elementor-section-height-default\" data-id=\"6658e4e\" data-element_type=\"section\" data-e-type=\"section\">\n\t\t\t\t\t\t<div class=\"elementor-container elementor-column-gap-default\">\n\t\t\t\t\t<div class=\"elementor-column elementor-col-50 elementor-inner-column elementor-element elementor-element-3b90076\" data-id=\"3b90076\" data-element_type=\"column\" data-e-type=\"column\">\n\t\t\t<div class=\"elementor-widget-wrap elementor-element-populated\">\n\t\t\t\t\t\t<div class=\"elementor-element elementor-element-b1555e8 elementor-widget elementor-widget-image\" data-id=\"b1555e8\" data-element_type=\"widget\" data-e-type=\"widget\" data-widget_type=\"image.default\">\n\t\t\t\t<div class=\"elementor-widget-container\">\n\t\t\t\t\t\t\t\t\t\t\t\t\t\t\t<img decoding=\"async\" width=\"1000\" height=\"1000\" src=\"https:\/\/mariaciento38.com\/wp-content\/uploads\/2023\/09\/sabino-entrada2.jpeg\" class=\"attachment-full size-full wp-image-22730\" alt=\"\" srcset=\"https:\/\/mariaciento38.com\/wp-content\/uploads\/2023\/09\/sabino-entrada2.jpeg 1000w, https:\/\/mariaciento38.com\/wp-content\/uploads\/2023\/09\/sabino-entrada2-300x300.jpeg 300w, https:\/\/mariaciento38.com\/wp-content\/uploads\/2023\/09\/sabino-entrada2-150x150.jpeg 150w, https:\/\/mariaciento38.com\/wp-content\/uploads\/2023\/09\/sabino-entrada2-768x768.jpeg 768w, https:\/\/mariaciento38.com\/wp-content\/uploads\/2023\/09\/sabino-entrada2-200x200.jpeg 200w\" sizes=\"(max-width: 1000px) 100vw, 1000px\" \/>\t\t\t\t\t\t\t\t\t\t\t\t\t\t\t<\/div>\n\t\t\t\t<\/div>\n\t\t\t\t\t<\/div>\n\t\t<\/div>\n\t\t\t\t<div class=\"elementor-column elementor-col-50 elementor-inner-column elementor-element elementor-element-0362c03\" data-id=\"0362c03\" data-element_type=\"column\" data-e-type=\"column\">\n\t\t\t<div class=\"elementor-widget-wrap elementor-element-populated\">\n\t\t\t\t\t\t<div class=\"elementor-element elementor-element-73a1838 elementor-widget elementor-widget-text-editor\" data-id=\"73a1838\" data-element_type=\"widget\" data-e-type=\"widget\" data-widget_type=\"text-editor.default\">\n\t\t\t\t<div class=\"elementor-widget-container\">\n\t\t\t\t\t\t\t\t\t<p class=\"p1\"><span class=\"s1\">Bosco Sodi&#8217;s studio at Sabino 336,<\/span><span class=\"s2\"> a building created by architect Alberto Kalach, is<\/span><span class=\"s1\"> Alberto Kalach, is the site of Caf\u00e9 Sabino. <\/span> <\/p>\n<p class=\"p1\"><span class=\"s1\">Here you can enjoy architecture, industrial design or different art exhibitions, accompanied by a good coffee and Italian bakery.<span class=\"Apple-converted-space\"> <\/span><\/span><\/p>\n\t\t\t\t\t\t\t\t<\/div>\n\t\t\t\t<\/div>\n\t\t\t\t\t<\/div>\n\t\t<\/div>\n\t\t\t\t\t<\/div>\n\t\t<\/section>\n\t\t\t\t<section class=\"elementor-section elementor-inner-section elementor-element elementor-element-4296123 elementor-section-boxed elementor-section-height-default elementor-section-height-default\" data-id=\"4296123\" data-element_type=\"section\" data-e-type=\"section\">\n\t\t\t\t\t\t<div class=\"elementor-container elementor-column-gap-default\">\n\t\t\t\t\t<div class=\"elementor-column elementor-col-50 elementor-inner-column elementor-element elementor-element-1afe526\" data-id=\"1afe526\" data-element_type=\"column\" data-e-type=\"column\">\n\t\t\t<div class=\"elementor-widget-wrap elementor-element-populated\">\n\t\t\t\t\t\t<div class=\"elementor-element elementor-element-ac74db3 elementor-widget elementor-widget-text-editor\" data-id=\"ac74db3\" data-element_type=\"widget\" data-e-type=\"widget\" data-widget_type=\"text-editor.default\">\n\t\t\t\t<div class=\"elementor-widget-container\">\n\t\t\t\t\t\t\t\t\t<p><strong>Hours: <\/strong><br \/>Thursday to Sunday: 10:00am &#8211; 5:00pm<\/p>\n<p><strong>Location:<\/strong><br \/>Sabino 336, Atlampa,<br \/>Cuauht\u00e9moc, 06450, <br \/>CDMX.<\/p>\n\t\t\t\t\t\t\t\t<\/div>\n\t\t\t\t<\/div>\n\t\t\t\t<div class=\"elementor-element elementor-element-f9a65a4 elementor-align-left elementor-widget elementor-widget-button\" data-id=\"f9a65a4\" data-element_type=\"widget\" data-e-type=\"widget\" data-widget_type=\"button.default\">\n\t\t\t\t<div class=\"elementor-widget-container\">\n\t\t\t\t\t\t\t\t\t<div class=\"elementor-button-wrapper\">\n\t\t\t\t\t<a class=\"elementor-button elementor-button-link elementor-size-sm\" href=\"https:\/\/mariaciento38.com\/wp-content\/uploads\/2024\/04\/MenuSabinoXMC38-Abril2024.pdf\">\n\t\t\t\t\t\t<span class=\"elementor-button-content-wrapper\">\n\t\t\t\t\t\t\t\t\t<span class=\"elementor-button-text\">Caf\u00e9 Sabino Menu<\/span>\n\t\t\t\t\t<\/span>\n\t\t\t\t\t<\/a>\n\t\t\t\t<\/div>\n\t\t\t\t\t\t\t\t<\/div>\n\t\t\t\t<\/div>\n\t\t\t\t\t<\/div>\n\t\t<\/div>\n\t\t\t\t<div class=\"elementor-column elementor-col-50 elementor-inner-column elementor-element elementor-element-901e3cd\" data-id=\"901e3cd\" data-element_type=\"column\" data-e-type=\"column\">\n\t\t\t<div class=\"elementor-widget-wrap elementor-element-populated\">\n\t\t\t\t\t\t<div class=\"elementor-element elementor-element-2baba5b elementor-widget elementor-widget-google_maps\" data-id=\"2baba5b\" data-element_type=\"widget\" data-e-type=\"widget\" data-widget_type=\"google_maps.default\">\n\t\t\t\t<div class=\"elementor-widget-container\">\n\t\t\t\t\t\t\t<div class=\"elementor-custom-embed\">\n\t\t\t<iframe loading=\"lazy\"\n\t\t\t\t\tsrc=\"https:\/\/maps.google.com\/maps?q=%20C.%20Sabino%20336%2C%20Atlampa%2C%20Cuauht%C3%A9moc%2C%2006450%20Ciudad%20de%20M%C3%A9xico%2C%20CDMX&#038;t=m&#038;z=16&#038;output=embed&#038;iwloc=near\"\n\t\t\t\t\ttitle=\" C. Sabino 336, Atlampa, Cuauht\u00e9moc, 06450 Ciudad de M\u00e9xico, CDMX\"\n\t\t\t\t\taria-label=\" C. Sabino 336, Atlampa, Cuauht\u00e9moc, 06450 Ciudad de M\u00e9xico, CDMX\"\n\t\t\t><\/iframe>\n\t\t<\/div>\n\t\t\t\t\t\t<\/div>\n\t\t\t\t<\/div>\n\t\t\t\t\t<\/div>\n\t\t<\/div>\n\t\t\t\t\t<\/div>\n\t\t<\/section>\n\t\t\t\t<div class=\"elementor-element elementor-element-305729a elementor-widget elementor-widget-image\" data-id=\"305729a\" data-element_type=\"widget\" data-e-type=\"widget\" data-widget_type=\"image.default\">\n\t\t\t\t<div class=\"elementor-widget-container\">\n\t\t\t\t\t\t\t\t\t\t\t\t\t\t\t<img decoding=\"async\" width=\"1200\" height=\"900\" src=\"https:\/\/mariaciento38.com\/wp-content\/uploads\/2023\/09\/panaderiasab1.jpeg\" class=\"attachment-full size-full wp-image-22732\" alt=\"\" srcset=\"https:\/\/mariaciento38.com\/wp-content\/uploads\/2023\/09\/panaderiasab1.jpeg 1200w, https:\/\/mariaciento38.com\/wp-content\/uploads\/2023\/09\/panaderiasab1-300x225.jpeg 300w, https:\/\/mariaciento38.com\/wp-content\/uploads\/2023\/09\/panaderiasab1-1024x768.jpeg 1024w, https:\/\/mariaciento38.com\/wp-content\/uploads\/2023\/09\/panaderiasab1-768x576.jpeg 768w, https:\/\/mariaciento38.com\/wp-content\/uploads\/2023\/09\/panaderiasab1-200x150.jpeg 200w\" sizes=\"(max-width: 1200px) 100vw, 1200px\" \/>\t\t\t\t\t\t\t\t\t\t\t\t\t\t\t<\/div>\n\t\t\t\t<\/div>\n\t\t\t\t\t<\/div>\n\t\t<\/div>\n\t\t\t\t\t<\/div>\n\t\t<\/section>\n\t\t\t\t<section class=\"elementor-section elementor-top-section elementor-element elementor-element-52b0efe elementor-section-boxed elementor-section-height-default elementor-section-height-default\" data-id=\"52b0efe\" data-element_type=\"section\" data-e-type=\"section\">\n\t\t\t\t\t\t<div class=\"elementor-container elementor-column-gap-default\">\n\t\t\t\t\t<div class=\"elementor-column elementor-col-100 elementor-top-column elementor-element elementor-element-4b891ed\" data-id=\"4b891ed\" data-element_type=\"column\" data-e-type=\"column\">\n\t\t\t<div class=\"elementor-widget-wrap\">\n\t\t\t\t\t\t\t<\/div>\n\t\t<\/div>\n\t\t\t\t\t<\/div>\n\t\t<\/section>\n\t\t\t\t<section class=\"elementor-section elementor-top-section elementor-element elementor-element-2e0bd10 elementor-section-boxed elementor-section-height-default elementor-section-height-default\" data-id=\"2e0bd10\" data-element_type=\"section\" data-e-type=\"section\">\n\t\t\t\t\t\t<div class=\"elementor-container elementor-column-gap-default\">\n\t\t\t\t\t<div class=\"elementor-column elementor-col-100 elementor-top-column elementor-element elementor-element-b6b5397\" data-id=\"b6b5397\" data-element_type=\"column\" data-e-type=\"column\">\n\t\t\t<div class=\"elementor-widget-wrap elementor-element-populated\">\n\t\t\t\t\t\t<div class=\"elementor-element elementor-element-2250098 elementor-widget elementor-widget-spacer\" data-id=\"2250098\" data-element_type=\"widget\" data-e-type=\"widget\" data-widget_type=\"spacer.default\">\n\t\t\t\t<div class=\"elementor-widget-container\">\n\t\t\t\t\t\t\t<div class=\"elementor-spacer\">\n\t\t\t<div class=\"elementor-spacer-inner\"><\/div>\n\t\t<\/div>\n\t\t\t\t\t\t<\/div>\n\t\t\t\t<\/div>\n\t\t\t\t\t<\/div>\n\t\t<\/div>\n\t\t\t\t\t<\/div>\n\t\t<\/section>\n\t\t\t\t<\/div>\n\t\t","protected":false},"excerpt":{"rendered":"<p>Caf\u00e9 Sabino by Mar\u00eda Ciento38 is a space dedicated to contemporary art, Italian gastronomy and architecture in Mexico City, which is also home to the Casa Wabi Foundation. Bosco Sodi&#8217;s studio at Sabino 336, a building created by architect Alberto Kalach, is Alberto Kalach, is the site of Caf\u00e9 Sabino. Here you can enjoy architecture,&hellip;&nbsp;<a href=\"http:\/\/mariaciento38.com\/en\/cafe-sabino-by-maria-ciento38\/\" rel=\"bookmark\">Read More &raquo;<span class=\"screen-reader-text\">Caf\u00e9 Sabino by Mar\u00eda Ciento38<\/span><\/a><\/p>\n","protected":false},"author":1,"featured_media":0,"parent":0,"menu_order":0,"comment_status":"closed","ping_status":"closed","template":"page-templates\/template-pagebuilder-full-width.php","meta":{"neve_meta_sidebar":"full-width","neve_meta_container":"","neve_meta_enable_content_width":"on","neve_meta_content_width":100,"neve_meta_title_alignment":"","neve_meta_author_avatar":"","neve_post_elements_order":"","neve_meta_disable_header":"","neve_meta_disable_footer":"","neve_meta_disable_title":"","footnotes":""},"class_list":["post-22853","page","type-page","status-publish","hentry"],"yoast_head":"<!-- This site is optimized with the Yoast SEO plugin v26.7 - https:\/\/yoast.com\/wordpress\/plugins\/seo\/ -->\n<title>Caf\u00e9 Sabino by Mar\u00eda Ciento38 - Maria Ciento38<\/title>\n<meta name=\"robots\" content=\"index, follow, max-snippet:-1, max-image-preview:large, max-video-preview:-1\" \/>\n<link rel=\"canonical\" href=\"http:\/\/mariaciento38.com\/en\/cafe-sabino-by-maria-ciento38\/\" \/>\n<meta property=\"og:locale\" content=\"en_US\" \/>\n<meta property=\"og:type\" content=\"article\" \/>\n<meta property=\"og:title\" content=\"Caf\u00e9 Sabino by Mar\u00eda Ciento38 - Maria Ciento38\" \/>\n<meta property=\"og:description\" content=\"Caf\u00e9 Sabino by Mar\u00eda Ciento38 is a space dedicated to contemporary art, Italian gastronomy and architecture in Mexico City, which is also home to the Casa Wabi Foundation. Bosco Sodi&#8217;s studio at Sabino 336, a building created by architect Alberto Kalach, is Alberto Kalach, is the site of Caf\u00e9 Sabino. Here you can enjoy architecture,&hellip;&nbsp;Read More &raquo;Caf\u00e9 Sabino by Mar\u00eda Ciento38\" \/>\n<meta property=\"og:url\" content=\"http:\/\/mariaciento38.com\/en\/cafe-sabino-by-maria-ciento38\/\" \/>\n<meta property=\"og:site_name\" content=\"Maria Ciento38\" \/>\n<meta property=\"article:publisher\" content=\"https:\/\/www.facebook.com\/MariaCiento38\" \/>\n<meta property=\"article:modified_time\" content=\"2025-02-20T23:02:47+00:00\" \/>\n<meta property=\"og:image\" content=\"https:\/\/mariaciento38.com\/wp-content\/uploads\/2023\/07\/LOGOSabinoxMC38.png\" \/>\n<meta name=\"twitter:card\" content=\"summary_large_image\" \/>\n<script type=\"application\/ld+json\" class=\"yoast-schema-graph\">{\"@context\":\"https:\/\/schema.org\",\"@graph\":[{\"@type\":\"WebPage\",\"@id\":\"http:\/\/mariaciento38.com\/en\/cafe-sabino-by-maria-ciento38\/\",\"url\":\"http:\/\/mariaciento38.com\/en\/cafe-sabino-by-maria-ciento38\/\",\"name\":\"Caf\u00e9 Sabino by Mar\u00eda Ciento38 - Maria Ciento38\",\"isPartOf\":{\"@id\":\"http:\/\/mariaciento38.com\/#website\"},\"primaryImageOfPage\":{\"@id\":\"http:\/\/mariaciento38.com\/en\/cafe-sabino-by-maria-ciento38\/#primaryimage\"},\"image\":{\"@id\":\"http:\/\/mariaciento38.com\/en\/cafe-sabino-by-maria-ciento38\/#primaryimage\"},\"thumbnailUrl\":\"https:\/\/mariaciento38.com\/wp-content\/uploads\/2023\/07\/LOGOSabinoxMC38.png\",\"datePublished\":\"2023-07-27T00:37:53+00:00\",\"dateModified\":\"2025-02-20T23:02:47+00:00\",\"breadcrumb\":{\"@id\":\"http:\/\/mariaciento38.com\/en\/cafe-sabino-by-maria-ciento38\/#breadcrumb\"},\"inLanguage\":\"en-US\",\"potentialAction\":[{\"@type\":\"ReadAction\",\"target\":[\"http:\/\/mariaciento38.com\/en\/cafe-sabino-by-maria-ciento38\/\"]}]},{\"@type\":\"ImageObject\",\"inLanguage\":\"en-US\",\"@id\":\"http:\/\/mariaciento38.com\/en\/cafe-sabino-by-maria-ciento38\/#primaryimage\",\"url\":\"https:\/\/mariaciento38.com\/wp-content\/uploads\/2023\/07\/LOGOSabinoxMC38.png\",\"contentUrl\":\"https:\/\/mariaciento38.com\/wp-content\/uploads\/2023\/07\/LOGOSabinoxMC38.png\"},{\"@type\":\"BreadcrumbList\",\"@id\":\"http:\/\/mariaciento38.com\/en\/cafe-sabino-by-maria-ciento38\/#breadcrumb\",\"itemListElement\":[{\"@type\":\"ListItem\",\"position\":1,\"name\":\"Portada\",\"item\":\"https:\/\/mariaciento38.com\/en\/\"},{\"@type\":\"ListItem\",\"position\":2,\"name\":\"Caf\u00e9 Sabino by Mar\u00eda Ciento38\"}]},{\"@type\":\"WebSite\",\"@id\":\"http:\/\/mariaciento38.com\/#website\",\"url\":\"http:\/\/mariaciento38.com\/\",\"name\":\"Maria Ciento38\",\"description\":\"Aut\u00e9ntica comida siciliana\",\"publisher\":{\"@id\":\"http:\/\/mariaciento38.com\/#organization\"},\"potentialAction\":[{\"@type\":\"SearchAction\",\"target\":{\"@type\":\"EntryPoint\",\"urlTemplate\":\"http:\/\/mariaciento38.com\/?s={search_term_string}\"},\"query-input\":{\"@type\":\"PropertyValueSpecification\",\"valueRequired\":true,\"valueName\":\"search_term_string\"}}],\"inLanguage\":\"en-US\"},{\"@type\":\"Organization\",\"@id\":\"http:\/\/mariaciento38.com\/#organization\",\"name\":\"Maria Ciento38\",\"url\":\"http:\/\/mariaciento38.com\/\",\"logo\":{\"@type\":\"ImageObject\",\"inLanguage\":\"en-US\",\"@id\":\"http:\/\/mariaciento38.com\/#\/schema\/logo\/image\/\",\"url\":\"http:\/\/mariaciento38.com\/wp-content\/uploads\/2021\/04\/logo-negro.png\",\"contentUrl\":\"http:\/\/mariaciento38.com\/wp-content\/uploads\/2021\/04\/logo-negro.png\",\"width\":441,\"height\":200,\"caption\":\"Maria Ciento38\"},\"image\":{\"@id\":\"http:\/\/mariaciento38.com\/#\/schema\/logo\/image\/\"},\"sameAs\":[\"https:\/\/www.facebook.com\/MariaCiento38\",\"https:\/\/www.instagram.com\/mariaciento38\/\"]}]}<\/script>\n<!-- \/ Yoast SEO plugin. -->","yoast_head_json":{"title":"Caf\u00e9 Sabino by Mar\u00eda Ciento38 - Maria Ciento38","robots":{"index":"index","follow":"follow","max-snippet":"max-snippet:-1","max-image-preview":"max-image-preview:large","max-video-preview":"max-video-preview:-1"},"canonical":"http:\/\/mariaciento38.com\/en\/cafe-sabino-by-maria-ciento38\/","og_locale":"en_US","og_type":"article","og_title":"Caf\u00e9 Sabino by Mar\u00eda Ciento38 - Maria Ciento38","og_description":"Caf\u00e9 Sabino by Mar\u00eda Ciento38 is a space dedicated to contemporary art, Italian gastronomy and architecture in Mexico City, which is also home to the Casa Wabi Foundation. Bosco Sodi&#8217;s studio at Sabino 336, a building created by architect Alberto Kalach, is Alberto Kalach, is the site of Caf\u00e9 Sabino. Here you can enjoy architecture,&hellip;&nbsp;Read More &raquo;Caf\u00e9 Sabino by Mar\u00eda Ciento38","og_url":"http:\/\/mariaciento38.com\/en\/cafe-sabino-by-maria-ciento38\/","og_site_name":"Maria Ciento38","article_publisher":"https:\/\/www.facebook.com\/MariaCiento38","article_modified_time":"2025-02-20T23:02:47+00:00","og_image":[{"url":"https:\/\/mariaciento38.com\/wp-content\/uploads\/2023\/07\/LOGOSabinoxMC38.png","type":"","width":"","height":""}],"twitter_card":"summary_large_image","schema":{"@context":"https:\/\/schema.org","@graph":[{"@type":"WebPage","@id":"http:\/\/mariaciento38.com\/en\/cafe-sabino-by-maria-ciento38\/","url":"http:\/\/mariaciento38.com\/en\/cafe-sabino-by-maria-ciento38\/","name":"Caf\u00e9 Sabino by Mar\u00eda Ciento38 - Maria Ciento38","isPartOf":{"@id":"http:\/\/mariaciento38.com\/#website"},"primaryImageOfPage":{"@id":"http:\/\/mariaciento38.com\/en\/cafe-sabino-by-maria-ciento38\/#primaryimage"},"image":{"@id":"http:\/\/mariaciento38.com\/en\/cafe-sabino-by-maria-ciento38\/#primaryimage"},"thumbnailUrl":"https:\/\/mariaciento38.com\/wp-content\/uploads\/2023\/07\/LOGOSabinoxMC38.png","datePublished":"2023-07-27T00:37:53+00:00","dateModified":"2025-02-20T23:02:47+00:00","breadcrumb":{"@id":"http:\/\/mariaciento38.com\/en\/cafe-sabino-by-maria-ciento38\/#breadcrumb"},"inLanguage":"en-US","potentialAction":[{"@type":"ReadAction","target":["http:\/\/mariaciento38.com\/en\/cafe-sabino-by-maria-ciento38\/"]}]},{"@type":"ImageObject","inLanguage":"en-US","@id":"http:\/\/mariaciento38.com\/en\/cafe-sabino-by-maria-ciento38\/#primaryimage","url":"https:\/\/mariaciento38.com\/wp-content\/uploads\/2023\/07\/LOGOSabinoxMC38.png","contentUrl":"https:\/\/mariaciento38.com\/wp-content\/uploads\/2023\/07\/LOGOSabinoxMC38.png"},{"@type":"BreadcrumbList","@id":"http:\/\/mariaciento38.com\/en\/cafe-sabino-by-maria-ciento38\/#breadcrumb","itemListElement":[{"@type":"ListItem","position":1,"name":"Portada","item":"https:\/\/mariaciento38.com\/en\/"},{"@type":"ListItem","position":2,"name":"Caf\u00e9 Sabino by Mar\u00eda Ciento38"}]},{"@type":"WebSite","@id":"http:\/\/mariaciento38.com\/#website","url":"http:\/\/mariaciento38.com\/","name":"Maria Ciento38","description":"Aut\u00e9ntica comida siciliana","publisher":{"@id":"http:\/\/mariaciento38.com\/#organization"},"potentialAction":[{"@type":"SearchAction","target":{"@type":"EntryPoint","urlTemplate":"http:\/\/mariaciento38.com\/?s={search_term_string}"},"query-input":{"@type":"PropertyValueSpecification","valueRequired":true,"valueName":"search_term_string"}}],"inLanguage":"en-US"},{"@type":"Organization","@id":"http:\/\/mariaciento38.com\/#organization","name":"Maria Ciento38","url":"http:\/\/mariaciento38.com\/","logo":{"@type":"ImageObject","inLanguage":"en-US","@id":"http:\/\/mariaciento38.com\/#\/schema\/logo\/image\/","url":"http:\/\/mariaciento38.com\/wp-content\/uploads\/2021\/04\/logo-negro.png","contentUrl":"http:\/\/mariaciento38.com\/wp-content\/uploads\/2021\/04\/logo-negro.png","width":441,"height":200,"caption":"Maria Ciento38"},"image":{"@id":"http:\/\/mariaciento38.com\/#\/schema\/logo\/image\/"},"sameAs":["https:\/\/www.facebook.com\/MariaCiento38","https:\/\/www.instagram.com\/mariaciento38\/"]}]}},"_links":{"self":[{"href":"http:\/\/mariaciento38.com\/en\/wp-json\/wp\/v2\/pages\/22853","targetHints":{"allow":["GET"]}}],"collection":[{"href":"http:\/\/mariaciento38.com\/en\/wp-json\/wp\/v2\/pages"}],"about":[{"href":"http:\/\/mariaciento38.com\/en\/wp-json\/wp\/v2\/types\/page"}],"author":[{"embeddable":true,"href":"http:\/\/mariaciento38.com\/en\/wp-json\/wp\/v2\/users\/1"}],"replies":[{"embeddable":true,"href":"http:\/\/mariaciento38.com\/en\/wp-json\/wp\/v2\/comments?post=22853"}],"version-history":[{"count":1,"href":"http:\/\/mariaciento38.com\/en\/wp-json\/wp\/v2\/pages\/22853\/revisions"}],"predecessor-version":[{"id":22854,"href":"http:\/\/mariaciento38.com\/en\/wp-json\/wp\/v2\/pages\/22853\/revisions\/22854"}],"wp:attachment":[{"href":"http:\/\/mariaciento38.com\/en\/wp-json\/wp\/v2\/media?parent=22853"}],"curies":[{"name":"wp","href":"https:\/\/api.w.org\/{rel}","templated":true}]}}